{"id":966,"date":"2020-08-13T12:57:52","date_gmt":"2020-08-13T10:57:52","guid":{"rendered":"http:\/\/paulgil.cluster028.hosting.ovh.net\/?page_id=966"},"modified":"2025-12-01T17:51:33","modified_gmt":"2025-12-01T16:51:33","slug":"aquarelles-les-chats","status":"publish","type":"page","link":"https:\/\/paulgiaume.fr\/index.php\/aquarelles-les-chats\/","title":{"rendered":"AQUARELLES.Les Chats"},"content":{"rendered":"\t\t<div data-elementor-type=\"wp-page\" data-elementor-id=\"966\" class=\"elementor elementor-966\" data-elementor-settings=\"[]\">\n\t\t\t\t\t\t<div class=\"elementor-inner\">\n\t\t\t\t\t\t\t<div class=\"elementor-section-wrap\">\n\t\t\t\t\t\t\t<section class=\"elementor-section elementor-top-section elementor-element elementor-element-958ea0d elementor-section-boxed elementor-section-height-default elementor-section-height-default\" data-id=\"958ea0d\" data-element_type=\"section\">\n\t\t\t\t\t\t<div class=\"elementor-container elementor-column-gap-default\">\n\t\t\t\t\t\t\t<div class=\"elementor-row\">\n\t\t\t\t\t<div class=\"elementor-column elementor-col-100 elementor-top-column elementor-element elementor-element-b662a9a\" data-id=\"b662a9a\" data-element_type=\"column\">\n\t\t\t<div class=\"elementor-column-wrap elementor-element-populated\">\n\t\t\t\t\t\t\t<div class=\"elementor-widget-wrap\">\n\t\t\t\t\t\t<div class=\"elementor-element elementor-element-89521df elementor-widget elementor-widget-text-editor\" data-id=\"89521df\" data-element_type=\"widget\" data-widget_type=\"text-editor.default\">\n\t\t\t\t<div class=\"elementor-widget-container\">\n\t\t\t\t\t<div class=\"elementor-text-editor elementor-clearfix\"><p style=\"text-align: center;\"><strong><span style=\"color: #0000ff;\"><em>\u00c9tant chez mes parents pr\u00e9s de Marseille, j&rsquo;ai \u00e9t\u00e9 \u00e9tonn\u00e9 un jour, de voir apparaitre trois chats tr\u00e8s diff\u00e9rents et magnifiques. Comment ne pas prendre un grand plaisir de r\u00e9aliser ces aquarelles.<\/em><\/span><\/strong><\/p><\/div>\n\t\t\t\t<\/div>\n\t\t\t\t<\/div>\n\t\t\t\t\t\t<\/div>\n\t\t\t\t\t<\/div>\n\t\t<\/div>\n\t\t\t\t\t\t\t\t<\/div>\n\t\t\t\t\t<\/div>\n\t\t<\/section>\n\t\t\t\t<section class=\"elementor-section elementor-top-section elementor-element elementor-element-dfd3482 elementor-section-boxed elementor-section-height-default elementor-section-height-default\" data-id=\"dfd3482\" data-element_type=\"section\">\n\t\t\t\t\t\t<div class=\"elementor-container elementor-column-gap-default\">\n\t\t\t\t\t\t\t<div class=\"elementor-row\">\n\t\t\t\t\t<div class=\"elementor-column elementor-col-33 elementor-top-column elementor-element elementor-element-44b8b86\" data-id=\"44b8b86\" data-element_type=\"column\">\n\t\t\t<div class=\"elementor-column-wrap elementor-element-populated\">\n\t\t\t\t\t\t\t<div class=\"elementor-widget-wrap\">\n\t\t\t\t\t\t<div class=\"elementor-element elementor-element-18e37ca elementor-widget elementor-widget-image\" data-id=\"18e37ca\" data-element_type=\"widget\" data-widget_type=\"image.default\">\n\t\t\t\t<div class=\"elementor-widget-container\">\n\t\t\t\t\t<div class=\"elementor-image\">\n\t\t\t\t\t\t\t\t\t\t\t<a href=\"https:\/\/paulgiaume.fr\/wp-content\/uploads\/2025\/11\/GRISETTE-aquarelle-24x16cm-1.jpg\" data-elementor-open-lightbox=\"yes\" data-elementor-lightbox-title=\"GRISETTE-aquarelle-24x16cm-1\">\n\t\t\t\t\t\t\t<img width=\"660\" height=\"436\" src=\"https:\/\/paulgiaume.fr\/wp-content\/uploads\/2025\/11\/GRISETTE-aquarelle-24x16cm-1.jpg\" class=\"attachment-large size-large\" alt=\"\" decoding=\"async\" loading=\"lazy\" srcset=\"https:\/\/paulgiaume.fr\/wp-content\/uploads\/2025\/11\/GRISETTE-aquarelle-24x16cm-1.jpg 1024w, https:\/\/paulgiaume.fr\/wp-content\/uploads\/2025\/11\/GRISETTE-aquarelle-24x16cm-1-300x198.jpg 300w, https:\/\/paulgiaume.fr\/wp-content\/uploads\/2025\/11\/GRISETTE-aquarelle-24x16cm-1-768x507.jpg 768w\" sizes=\"(max-width: 660px) 100vw, 660px\" \/>\t\t\t\t\t\t\t\t<\/a>\n\t\t\t\t\t\t\t\t\t\t\t<\/div>\n\t\t\t\t<\/div>\n\t\t\t\t<\/div>\n\t\t\t\t\t\t<\/div>\n\t\t\t\t\t<\/div>\n\t\t<\/div>\n\t\t\t\t<div class=\"elementor-column elementor-col-33 elementor-top-column elementor-element elementor-element-36ccd3d\" data-id=\"36ccd3d\" data-element_type=\"column\">\n\t\t\t<div class=\"elementor-column-wrap elementor-element-populated\">\n\t\t\t\t\t\t\t<div class=\"elementor-widget-wrap\">\n\t\t\t\t\t\t<div class=\"elementor-element elementor-element-0afe8ea elementor-widget elementor-widget-image\" data-id=\"0afe8ea\" data-element_type=\"widget\" data-widget_type=\"image.default\">\n\t\t\t\t<div class=\"elementor-widget-container\">\n\t\t\t\t\t<div class=\"elementor-image\">\n\t\t\t\t\t\t\t\t\t\t\t<a href=\"https:\/\/paulgiaume.fr\/wp-content\/uploads\/2020\/08\/GRISETTE.PETITE-TACHE.PETIT-ROUX-24x16cm-2.jpg\" data-elementor-open-lightbox=\"yes\" data-elementor-lightbox-title=\"GRISETTE.PETITE TACHE.PETIT ROUX 24x16cm\">\n\t\t\t\t\t\t\t<img width=\"660\" height=\"438\" src=\"https:\/\/paulgiaume.fr\/wp-content\/uploads\/2020\/08\/GRISETTE.PETITE-TACHE.PETIT-ROUX-24x16cm-2.jpg\" class=\"attachment-large size-large\" alt=\"\" decoding=\"async\" loading=\"lazy\" srcset=\"https:\/\/paulgiaume.fr\/wp-content\/uploads\/2020\/08\/GRISETTE.PETITE-TACHE.PETIT-ROUX-24x16cm-2.jpg 1024w, https:\/\/paulgiaume.fr\/wp-content\/uploads\/2020\/08\/GRISETTE.PETITE-TACHE.PETIT-ROUX-24x16cm-2-300x199.jpg 300w, https:\/\/paulgiaume.fr\/wp-content\/uploads\/2020\/08\/GRISETTE.PETITE-TACHE.PETIT-ROUX-24x16cm-2-768x509.jpg 768w\" sizes=\"(max-width: 660px) 100vw, 660px\" \/>\t\t\t\t\t\t\t\t<\/a>\n\t\t\t\t\t\t\t\t\t\t\t<\/div>\n\t\t\t\t<\/div>\n\t\t\t\t<\/div>\n\t\t\t\t\t\t<\/div>\n\t\t\t\t\t<\/div>\n\t\t<\/div>\n\t\t\t\t<div class=\"elementor-column elementor-col-33 elementor-top-column elementor-element elementor-element-24775e6\" data-id=\"24775e6\" data-element_type=\"column\">\n\t\t\t<div class=\"elementor-column-wrap elementor-element-populated\">\n\t\t\t\t\t\t\t<div class=\"elementor-widget-wrap\">\n\t\t\t\t\t\t<div class=\"elementor-element elementor-element-6059fa3 elementor-widget elementor-widget-image\" data-id=\"6059fa3\" data-element_type=\"widget\" data-widget_type=\"image.default\">\n\t\t\t\t<div class=\"elementor-widget-container\">\n\t\t\t\t\t<div class=\"elementor-image\">\n\t\t\t\t\t\t\t\t\t\t\t<a href=\"https:\/\/paulgiaume.fr\/wp-content\/uploads\/2020\/08\/PETITE-TACHE-24x16cm-1.jpg\" data-elementor-open-lightbox=\"yes\" data-elementor-lightbox-title=\"PETITE TACHE 24x16cm\">\n\t\t\t\t\t\t\t<img width=\"660\" height=\"443\" src=\"https:\/\/paulgiaume.fr\/wp-content\/uploads\/2020\/08\/PETITE-TACHE-24x16cm-1.jpg\" class=\"attachment-large size-large\" alt=\"\" decoding=\"async\" loading=\"lazy\" srcset=\"https:\/\/paulgiaume.fr\/wp-content\/uploads\/2020\/08\/PETITE-TACHE-24x16cm-1.jpg 1024w, https:\/\/paulgiaume.fr\/wp-content\/uploads\/2020\/08\/PETITE-TACHE-24x16cm-1-300x201.jpg 300w, https:\/\/paulgiaume.fr\/wp-content\/uploads\/2020\/08\/PETITE-TACHE-24x16cm-1-768x515.jpg 768w\" sizes=\"(max-width: 660px) 100vw, 660px\" \/>\t\t\t\t\t\t\t\t<\/a>\n\t\t\t\t\t\t\t\t\t\t\t<\/div>\n\t\t\t\t<\/div>\n\t\t\t\t<\/div>\n\t\t\t\t\t\t<\/div>\n\t\t\t\t\t<\/div>\n\t\t<\/div>\n\t\t\t\t\t\t\t\t<\/div>\n\t\t\t\t\t<\/div>\n\t\t<\/section>\n\t\t\t\t<section class=\"elementor-section elementor-top-section elementor-element elementor-element-306866b elementor-section-boxed elementor-section-height-default elementor-section-height-default\" data-id=\"306866b\" data-element_type=\"section\">\n\t\t\t\t\t\t<div class=\"elementor-container elementor-column-gap-default\">\n\t\t\t\t\t\t\t<div class=\"elementor-row\">\n\t\t\t\t\t<div class=\"elementor-column elementor-col-33 elementor-top-column elementor-element elementor-element-89ed682\" data-id=\"89ed682\" data-element_type=\"column\">\n\t\t\t<div class=\"elementor-column-wrap elementor-element-populated\">\n\t\t\t\t\t\t\t<div class=\"elementor-widget-wrap\">\n\t\t\t\t\t\t<div class=\"elementor-element elementor-element-589240d elementor-widget elementor-widget-text-editor\" data-id=\"589240d\" data-element_type=\"widget\" data-widget_type=\"text-editor.default\">\n\t\t\t\t<div class=\"elementor-widget-container\">\n\t\t\t\t\t<div class=\"elementor-text-editor elementor-clearfix\"><\/div>\n\t\t\t\t<\/div>\n\t\t\t\t<\/div>\n\t\t\t\t\t\t<\/div>\n\t\t\t\t\t<\/div>\n\t\t<\/div>\n\t\t\t\t<div class=\"elementor-column elementor-col-33 elementor-top-column elementor-element elementor-element-f367cfe\" data-id=\"f367cfe\" data-element_type=\"column\">\n\t\t\t<div class=\"elementor-column-wrap elementor-element-populated\">\n\t\t\t\t\t\t\t<div class=\"elementor-widget-wrap\">\n\t\t\t\t\t\t<div class=\"elementor-element elementor-element-f5f2978 elementor-widget elementor-widget-image\" data-id=\"f5f2978\" data-element_type=\"widget\" data-widget_type=\"image.default\">\n\t\t\t\t<div class=\"elementor-widget-container\">\n\t\t\t\t\t<div class=\"elementor-image\">\n\t\t\t\t\t\t\t\t\t\t\t<a href=\"https:\/\/paulgiaume.fr\/wp-content\/uploads\/2020\/08\/PETIT-ROUX.GRISETTE.GROS-ROUX-36x36cm.jpg\" data-elementor-open-lightbox=\"yes\" data-elementor-lightbox-title=\"PETIT-ROUX.GRISETTE.GROS-ROUX--36x36cm\">\n\t\t\t\t\t\t\t<img width=\"660\" height=\"665\" src=\"https:\/\/paulgiaume.fr\/wp-content\/uploads\/2020\/08\/PETIT-ROUX.GRISETTE.GROS-ROUX-36x36cm.jpg\" class=\"attachment-large size-large\" alt=\"\" decoding=\"async\" loading=\"lazy\" srcset=\"https:\/\/paulgiaume.fr\/wp-content\/uploads\/2020\/08\/PETIT-ROUX.GRISETTE.GROS-ROUX-36x36cm.jpg 768w, https:\/\/paulgiaume.fr\/wp-content\/uploads\/2020\/08\/PETIT-ROUX.GRISETTE.GROS-ROUX-36x36cm-298x300.jpg 298w, https:\/\/paulgiaume.fr\/wp-content\/uploads\/2020\/08\/PETIT-ROUX.GRISETTE.GROS-ROUX-36x36cm-150x150.jpg 150w\" sizes=\"(max-width: 660px) 100vw, 660px\" \/>\t\t\t\t\t\t\t\t<\/a>\n\t\t\t\t\t\t\t\t\t\t\t<\/div>\n\t\t\t\t<\/div>\n\t\t\t\t<\/div>\n\t\t\t\t\t\t<\/div>\n\t\t\t\t\t<\/div>\n\t\t<\/div>\n\t\t\t\t<div class=\"elementor-column elementor-col-33 elementor-top-column elementor-element elementor-element-79c68b8\" data-id=\"79c68b8\" data-element_type=\"column\">\n\t\t\t<div class=\"elementor-column-wrap\">\n\t\t\t\t\t\t\t<div class=\"elementor-widget-wrap\">\n\t\t\t\t\t\t\t\t<\/div>\n\t\t\t\t\t<\/div>\n\t\t<\/div>\n\t\t\t\t\t\t\t\t<\/div>\n\t\t\t\t\t<\/div>\n\t\t<\/section>\n\t\t\t\t<section class=\"elementor-section elementor-top-section elementor-element elementor-element-0105533 elementor-section-boxed elementor-section-height-default elementor-section-height-default\" data-id=\"0105533\" data-element_type=\"section\">\n\t\t\t\t\t\t<div class=\"elementor-container elementor-column-gap-default\">\n\t\t\t\t\t\t\t<div class=\"elementor-row\">\n\t\t\t\t\t<div class=\"elementor-column elementor-col-33 elementor-top-column elementor-element elementor-element-f5c6ec5\" data-id=\"f5c6ec5\" data-element_type=\"column\">\n\t\t\t<div class=\"elementor-column-wrap\">\n\t\t\t\t\t\t\t<div class=\"elementor-widget-wrap\">\n\t\t\t\t\t\t\t\t<\/div>\n\t\t\t\t\t<\/div>\n\t\t<\/div>\n\t\t\t\t<div class=\"elementor-column elementor-col-33 elementor-top-column elementor-element elementor-element-d84b151\" data-id=\"d84b151\" data-element_type=\"column\">\n\t\t\t<div class=\"elementor-column-wrap elementor-element-populated\">\n\t\t\t\t\t\t\t<div class=\"elementor-widget-wrap\">\n\t\t\t\t\t\t<div class=\"elementor-element elementor-element-fc25e54 elementor-widget elementor-widget-image\" data-id=\"fc25e54\" data-element_type=\"widget\" data-widget_type=\"image.default\">\n\t\t\t\t<div class=\"elementor-widget-container\">\n\t\t\t\t\t<div class=\"elementor-image\">\n\t\t\t\t\t\t\t\t\t\t\t<a href=\"https:\/\/paulgiaume.fr\/wp-content\/uploads\/2022\/01\/Chat-alors--scaled.jpeg\" data-elementor-open-lightbox=\"yes\" data-elementor-lightbox-title=\"Chat alors !\">\n\t\t\t\t\t\t\t<img width=\"660\" height=\"709\" src=\"https:\/\/paulgiaume.fr\/wp-content\/uploads\/2022\/01\/Chat-alors--953x1024.jpeg\" class=\"attachment-large size-large\" alt=\"\" decoding=\"async\" loading=\"lazy\" srcset=\"https:\/\/paulgiaume.fr\/wp-content\/uploads\/2022\/01\/Chat-alors--953x1024.jpeg 953w, https:\/\/paulgiaume.fr\/wp-content\/uploads\/2022\/01\/Chat-alors--279x300.jpeg 279w, https:\/\/paulgiaume.fr\/wp-content\/uploads\/2022\/01\/Chat-alors--768x825.jpeg 768w, https:\/\/paulgiaume.fr\/wp-content\/uploads\/2022\/01\/Chat-alors--1429x1536.jpeg 1429w, https:\/\/paulgiaume.fr\/wp-content\/uploads\/2022\/01\/Chat-alors--1906x2048.jpeg 1906w\" sizes=\"(max-width: 660px) 100vw, 660px\" \/>\t\t\t\t\t\t\t\t<\/a>\n\t\t\t\t\t\t\t\t\t\t\t<\/div>\n\t\t\t\t<\/div>\n\t\t\t\t<\/div>\n\t\t\t\t\t\t<\/div>\n\t\t\t\t\t<\/div>\n\t\t<\/div>\n\t\t\t\t<div class=\"elementor-column elementor-col-33 elementor-top-column elementor-element elementor-element-b2517f8\" data-id=\"b2517f8\" data-element_type=\"column\">\n\t\t\t<div class=\"elementor-column-wrap\">\n\t\t\t\t\t\t\t<div class=\"elementor-widget-wrap\">\n\t\t\t\t\t\t\t\t<\/div>\n\t\t\t\t\t<\/div>\n\t\t<\/div>\n\t\t\t\t\t\t\t\t<\/div>\n\t\t\t\t\t<\/div>\n\t\t<\/section>\n\t\t\t\t\t\t<\/div>\n\t\t\t\t\t\t<\/div>\n\t\t\t\t\t<\/div>\n\t\t","protected":false},"excerpt":{"rendered":"<p>\u00c9tant chez mes parents pr\u00e9s de Marseille, j&rsquo;ai \u00e9t\u00e9 \u00e9tonn\u00e9 un jour, de voir apparaitre trois chats tr\u00e8s diff\u00e9rents et magnifiques. Comment ne pas prendre un grand plaisir de r\u00e9aliser ces aquarelles.<\/p>\n","protected":false},"author":1,"featured_media":0,"parent":0,"menu_order":0,"comment_status":"closed","ping_status":"closed","template":"","meta":[],"_links":{"self":[{"href":"https:\/\/paulgiaume.fr\/index.php\/wp-json\/wp\/v2\/pages\/966"}],"collection":[{"href":"https:\/\/paulgiaume.fr\/index.php\/wp-json\/wp\/v2\/pages"}],"about":[{"href":"https:\/\/paulgiaume.fr\/index.php\/wp-json\/wp\/v2\/types\/page"}],"author":[{"embeddable":true,"href":"https:\/\/paulgiaume.fr\/index.php\/wp-json\/wp\/v2\/users\/1"}],"replies":[{"embeddable":true,"href":"https:\/\/paulgiaume.fr\/index.php\/wp-json\/wp\/v2\/comments?post=966"}],"version-history":[{"count":31,"href":"https:\/\/paulgiaume.fr\/index.php\/wp-json\/wp\/v2\/pages\/966\/revisions"}],"predecessor-version":[{"id":4694,"href":"https:\/\/paulgiaume.fr\/index.php\/wp-json\/wp\/v2\/pages\/966\/revisions\/4694"}],"wp:attachment":[{"href":"https:\/\/paulgiaume.fr\/index.php\/wp-json\/wp\/v2\/media?parent=966"}],"curies":[{"name":"wp","href":"https:\/\/api.w.org\/{rel}","templated":true}]}}