{"id":965,"date":"2020-08-13T12:57:52","date_gmt":"2020-08-13T10:57:52","guid":{"rendered":"http:\/\/paulgil.cluster028.hosting.ovh.net\/?page_id=965"},"modified":"2025-11-23T08:16:51","modified_gmt":"2025-11-23T07:16:51","slug":"aquarelles-portraits","status":"publish","type":"page","link":"https:\/\/paulgiaume.fr\/index.php\/aquarelles-portraits\/","title":{"rendered":"AQUARELLES.Portraits"},"content":{"rendered":"\t\t<div data-elementor-type=\"wp-page\" data-elementor-id=\"965\" class=\"elementor elementor-965\" data-elementor-settings=\"[]\">\n\t\t\t\t\t\t<div class=\"elementor-inner\">\n\t\t\t\t\t\t\t<div class=\"elementor-section-wrap\">\n\t\t\t\t\t\t\t<section class=\"elementor-section elementor-top-section elementor-element elementor-element-f8c44af elementor-section-boxed elementor-section-height-default elementor-section-height-default\" data-id=\"f8c44af\" data-element_type=\"section\">\n\t\t\t\t\t\t<div class=\"elementor-container elementor-column-gap-default\">\n\t\t\t\t\t\t\t<div class=\"elementor-row\">\n\t\t\t\t\t<div class=\"elementor-column elementor-col-25 elementor-top-column elementor-element elementor-element-349ebf7\" data-id=\"349ebf7\" data-element_type=\"column\">\n\t\t\t<div class=\"elementor-column-wrap elementor-element-populated\">\n\t\t\t\t\t\t\t<div class=\"elementor-widget-wrap\">\n\t\t\t\t\t\t<div class=\"elementor-element elementor-element-25f3d60 elementor-widget elementor-widget-image\" data-id=\"25f3d60\" data-element_type=\"widget\" data-widget_type=\"image.default\">\n\t\t\t\t<div class=\"elementor-widget-container\">\n\t\t\t\t\t<div class=\"elementor-image\">\n\t\t\t\t\t\t\t\t\t\t\t<a href=\"https:\/\/paulgiaume.fr\/wp-content\/uploads\/2022\/01\/GARY-COOPER-27x34cm-.jpg\" data-elementor-open-lightbox=\"yes\" data-elementor-lightbox-title=\"GARY COOPER 27x34cm\">\n\t\t\t\t\t\t\t<img width=\"660\" height=\"804\" src=\"https:\/\/paulgiaume.fr\/wp-content\/uploads\/2022\/01\/GARY-COOPER-27x34cm-.jpg\" class=\"attachment-large size-large\" alt=\"\" decoding=\"async\" loading=\"lazy\" srcset=\"https:\/\/paulgiaume.fr\/wp-content\/uploads\/2022\/01\/GARY-COOPER-27x34cm-.jpg 841w, https:\/\/paulgiaume.fr\/wp-content\/uploads\/2022\/01\/GARY-COOPER-27x34cm--246x300.jpg 246w, https:\/\/paulgiaume.fr\/wp-content\/uploads\/2022\/01\/GARY-COOPER-27x34cm--768x935.jpg 768w\" sizes=\"(max-width: 660px) 100vw, 660px\" \/>\t\t\t\t\t\t\t\t<\/a>\n\t\t\t\t\t\t\t\t\t\t\t<\/div>\n\t\t\t\t<\/div>\n\t\t\t\t<\/div>\n\t\t\t\t\t\t<\/div>\n\t\t\t\t\t<\/div>\n\t\t<\/div>\n\t\t\t\t<div class=\"elementor-column elementor-col-25 elementor-top-column elementor-element elementor-element-bd3a0f6\" data-id=\"bd3a0f6\" data-element_type=\"column\">\n\t\t\t<div class=\"elementor-column-wrap elementor-element-populated\">\n\t\t\t\t\t\t\t<div class=\"elementor-widget-wrap\">\n\t\t\t\t\t\t<div class=\"elementor-element elementor-element-e3a656c elementor-widget elementor-widget-image\" data-id=\"e3a656c\" data-element_type=\"widget\" data-widget_type=\"image.default\">\n\t\t\t\t<div class=\"elementor-widget-container\">\n\t\t\t\t\t<div class=\"elementor-image\">\n\t\t\t\t\t\t\t\t\t\t\t<a href=\"https:\/\/paulgiaume.fr\/wp-content\/uploads\/2022\/01\/GARY-COOPER-28x35cm.jpg\" data-elementor-open-lightbox=\"yes\" data-elementor-lightbox-title=\"GARY COOPER 28x35cm\">\n\t\t\t\t\t\t\t<img width=\"660\" height=\"729\" src=\"https:\/\/paulgiaume.fr\/wp-content\/uploads\/2022\/01\/GARY-COOPER-28x35cm.jpg\" class=\"attachment-large size-large\" alt=\"\" decoding=\"async\" loading=\"lazy\" srcset=\"https:\/\/paulgiaume.fr\/wp-content\/uploads\/2022\/01\/GARY-COOPER-28x35cm.jpg 927w, https:\/\/paulgiaume.fr\/wp-content\/uploads\/2022\/01\/GARY-COOPER-28x35cm-272x300.jpg 272w, https:\/\/paulgiaume.fr\/wp-content\/uploads\/2022\/01\/GARY-COOPER-28x35cm-768x848.jpg 768w\" sizes=\"(max-width: 660px) 100vw, 660px\" \/>\t\t\t\t\t\t\t\t<\/a>\n\t\t\t\t\t\t\t\t\t\t\t<\/div>\n\t\t\t\t<\/div>\n\t\t\t\t<\/div>\n\t\t\t\t\t\t<\/div>\n\t\t\t\t\t<\/div>\n\t\t<\/div>\n\t\t\t\t<div class=\"elementor-column elementor-col-25 elementor-top-column elementor-element elementor-element-4716d1d\" data-id=\"4716d1d\" data-element_type=\"column\">\n\t\t\t<div class=\"elementor-column-wrap elementor-element-populated\">\n\t\t\t\t\t\t\t<div class=\"elementor-widget-wrap\">\n\t\t\t\t\t\t<div class=\"elementor-element elementor-element-958a7bc elementor-widget elementor-widget-image\" data-id=\"958a7bc\" data-element_type=\"widget\" data-widget_type=\"image.default\">\n\t\t\t\t<div class=\"elementor-widget-container\">\n\t\t\t\t\t<div class=\"elementor-image\">\n\t\t\t\t\t\t\t\t\t\t\t<a href=\"https:\/\/paulgiaume.fr\/wp-content\/uploads\/2024\/05\/GERARD-PHILLIPE-SUZANNE-CLOUTIER.27x34cm.jpg\" data-elementor-open-lightbox=\"yes\" data-elementor-lightbox-title=\"GERARD PHILLIPE SUZANNE CLOUTIER.27x34cm\">\n\t\t\t\t\t\t\t<img width=\"660\" height=\"861\" src=\"https:\/\/paulgiaume.fr\/wp-content\/uploads\/2024\/05\/GERARD-PHILLIPE-SUZANNE-CLOUTIER.27x34cm-785x1024.jpg\" class=\"attachment-large size-large\" alt=\"\" decoding=\"async\" loading=\"lazy\" srcset=\"https:\/\/paulgiaume.fr\/wp-content\/uploads\/2024\/05\/GERARD-PHILLIPE-SUZANNE-CLOUTIER.27x34cm-785x1024.jpg 785w, https:\/\/paulgiaume.fr\/wp-content\/uploads\/2024\/05\/GERARD-PHILLIPE-SUZANNE-CLOUTIER.27x34cm-230x300.jpg 230w, https:\/\/paulgiaume.fr\/wp-content\/uploads\/2024\/05\/GERARD-PHILLIPE-SUZANNE-CLOUTIER.27x34cm-768x1002.jpg 768w, https:\/\/paulgiaume.fr\/wp-content\/uploads\/2024\/05\/GERARD-PHILLIPE-SUZANNE-CLOUTIER.27x34cm.jpg 1009w\" sizes=\"(max-width: 660px) 100vw, 660px\" \/>\t\t\t\t\t\t\t\t<\/a>\n\t\t\t\t\t\t\t\t\t\t\t<\/div>\n\t\t\t\t<\/div>\n\t\t\t\t<\/div>\n\t\t\t\t\t\t<\/div>\n\t\t\t\t\t<\/div>\n\t\t<\/div>\n\t\t\t\t<div class=\"elementor-column elementor-col-25 elementor-top-column elementor-element elementor-element-379d347\" data-id=\"379d347\" data-element_type=\"column\">\n\t\t\t<div class=\"elementor-column-wrap elementor-element-populated\">\n\t\t\t\t\t\t\t<div class=\"elementor-widget-wrap\">\n\t\t\t\t\t\t<div class=\"elementor-element elementor-element-734c064 elementor-widget elementor-widget-image\" data-id=\"734c064\" data-element_type=\"widget\" data-widget_type=\"image.default\">\n\t\t\t\t<div class=\"elementor-widget-container\">\n\t\t\t\t\t<div class=\"elementor-image\">\n\t\t\t\t\t\t\t\t\t\t\t<a href=\"https:\/\/paulgiaume.fr\/wp-content\/uploads\/2022\/01\/RUDOLF-VALENTINO-aquarelle-encre-27x34cm.jpg\" data-elementor-open-lightbox=\"yes\" data-elementor-lightbox-title=\"RUDOLF VALENTINO aquarelle encre 27x34cm\">\n\t\t\t\t\t\t\t<img width=\"660\" height=\"882\" src=\"https:\/\/paulgiaume.fr\/wp-content\/uploads\/2022\/01\/RUDOLF-VALENTINO-aquarelle-encre-27x34cm.jpg\" class=\"attachment-large size-large\" alt=\"\" decoding=\"async\" loading=\"lazy\" srcset=\"https:\/\/paulgiaume.fr\/wp-content\/uploads\/2022\/01\/RUDOLF-VALENTINO-aquarelle-encre-27x34cm.jpg 766w, https:\/\/paulgiaume.fr\/wp-content\/uploads\/2022\/01\/RUDOLF-VALENTINO-aquarelle-encre-27x34cm-224x300.jpg 224w\" sizes=\"(max-width: 660px) 100vw, 660px\" \/>\t\t\t\t\t\t\t\t<\/a>\n\t\t\t\t\t\t\t\t\t\t\t<\/div>\n\t\t\t\t<\/div>\n\t\t\t\t<\/div>\n\t\t\t\t\t\t<\/div>\n\t\t\t\t\t<\/div>\n\t\t<\/div>\n\t\t\t\t\t\t\t\t<\/div>\n\t\t\t\t\t<\/div>\n\t\t<\/section>\n\t\t\t\t<section class=\"elementor-section elementor-top-section elementor-element elementor-element-e06414f elementor-section-boxed elementor-section-height-default elementor-section-height-default\" data-id=\"e06414f\" data-element_type=\"section\">\n\t\t\t\t\t\t<div class=\"elementor-container elementor-column-gap-default\">\n\t\t\t\t\t\t\t<div class=\"elementor-row\">\n\t\t\t\t\t<div class=\"elementor-column elementor-col-25 elementor-top-column elementor-element elementor-element-7b5b0c4\" data-id=\"7b5b0c4\" data-element_type=\"column\">\n\t\t\t<div class=\"elementor-column-wrap elementor-element-populated\">\n\t\t\t\t\t\t\t<div class=\"elementor-widget-wrap\">\n\t\t\t\t\t\t<div class=\"elementor-element elementor-element-dd80353 elementor-widget elementor-widget-image\" data-id=\"dd80353\" data-element_type=\"widget\" data-widget_type=\"image.default\">\n\t\t\t\t<div class=\"elementor-widget-container\">\n\t\t\t\t\t<div class=\"elementor-image\">\n\t\t\t\t\t\t\t\t\t\t\t<a href=\"https:\/\/paulgiaume.fr\/wp-content\/uploads\/2025\/11\/VERONICA-LAKE-aquarelle-encre-23x28cm.png\" data-elementor-open-lightbox=\"yes\" data-elementor-lightbox-title=\"VERONICA-LAKE-aquarelle-encre-23x28cm\">\n\t\t\t\t\t\t\t<img width=\"615\" height=\"789\" src=\"https:\/\/paulgiaume.fr\/wp-content\/uploads\/2025\/11\/VERONICA-LAKE-aquarelle-encre-23x28cm.png\" class=\"attachment-large size-large\" alt=\"\" decoding=\"async\" loading=\"lazy\" srcset=\"https:\/\/paulgiaume.fr\/wp-content\/uploads\/2025\/11\/VERONICA-LAKE-aquarelle-encre-23x28cm.png 615w, https:\/\/paulgiaume.fr\/wp-content\/uploads\/2025\/11\/VERONICA-LAKE-aquarelle-encre-23x28cm-234x300.png 234w\" sizes=\"(max-width: 615px) 100vw, 615px\" \/>\t\t\t\t\t\t\t\t<\/a>\n\t\t\t\t\t\t\t\t\t\t\t<\/div>\n\t\t\t\t<\/div>\n\t\t\t\t<\/div>\n\t\t\t\t\t\t<\/div>\n\t\t\t\t\t<\/div>\n\t\t<\/div>\n\t\t\t\t<div class=\"elementor-column elementor-col-25 elementor-top-column elementor-element elementor-element-195e04a\" data-id=\"195e04a\" data-element_type=\"column\">\n\t\t\t<div class=\"elementor-column-wrap elementor-element-populated\">\n\t\t\t\t\t\t\t<div class=\"elementor-widget-wrap\">\n\t\t\t\t\t\t<div class=\"elementor-element elementor-element-94efdc2 elementor-widget elementor-widget-image\" data-id=\"94efdc2\" data-element_type=\"widget\" data-widget_type=\"image.default\">\n\t\t\t\t<div class=\"elementor-widget-container\">\n\t\t\t\t\t<div class=\"elementor-image\">\n\t\t\t\t\t\t\t\t\t\t\t<a href=\"https:\/\/paulgiaume.fr\/wp-content\/uploads\/2022\/01\/TYRONNE-POVWER-MAUREEN-OHARA-27x34cm.jpg\" data-elementor-open-lightbox=\"yes\" data-elementor-lightbox-title=\"TYRONNE POVWER &amp; MAUREEN OHARA 27x34cm\">\n\t\t\t\t\t\t\t<img width=\"660\" height=\"819\" src=\"https:\/\/paulgiaume.fr\/wp-content\/uploads\/2022\/01\/TYRONNE-POVWER-MAUREEN-OHARA-27x34cm.jpg\" class=\"attachment-large size-large\" alt=\"\" decoding=\"async\" loading=\"lazy\" srcset=\"https:\/\/paulgiaume.fr\/wp-content\/uploads\/2022\/01\/TYRONNE-POVWER-MAUREEN-OHARA-27x34cm.jpg 825w, https:\/\/paulgiaume.fr\/wp-content\/uploads\/2022\/01\/TYRONNE-POVWER-MAUREEN-OHARA-27x34cm-242x300.jpg 242w, https:\/\/paulgiaume.fr\/wp-content\/uploads\/2022\/01\/TYRONNE-POVWER-MAUREEN-OHARA-27x34cm-768x953.jpg 768w\" sizes=\"(max-width: 660px) 100vw, 660px\" \/>\t\t\t\t\t\t\t\t<\/a>\n\t\t\t\t\t\t\t\t\t\t\t<\/div>\n\t\t\t\t<\/div>\n\t\t\t\t<\/div>\n\t\t\t\t\t\t<\/div>\n\t\t\t\t\t<\/div>\n\t\t<\/div>\n\t\t\t\t<div class=\"elementor-column elementor-col-25 elementor-top-column elementor-element elementor-element-fe77706\" data-id=\"fe77706\" data-element_type=\"column\">\n\t\t\t<div class=\"elementor-column-wrap elementor-element-populated\">\n\t\t\t\t\t\t\t<div class=\"elementor-widget-wrap\">\n\t\t\t\t\t\t<div class=\"elementor-element elementor-element-8c52903 elementor-widget elementor-widget-image\" data-id=\"8c52903\" data-element_type=\"widget\" data-widget_type=\"image.default\">\n\t\t\t\t<div class=\"elementor-widget-container\">\n\t\t\t\t\t<div class=\"elementor-image\">\n\t\t\t\t\t\t\t\t\t\t\t<a href=\"https:\/\/paulgiaume.fr\/wp-content\/uploads\/2023\/10\/LA-FEMME-27x34cm.jpg\" data-elementor-open-lightbox=\"yes\" data-elementor-lightbox-title=\"LA FEMME 27x34cm\">\n\t\t\t\t\t\t\t<img width=\"660\" height=\"823\" src=\"https:\/\/paulgiaume.fr\/wp-content\/uploads\/2023\/10\/LA-FEMME-27x34cm.jpg\" class=\"attachment-large size-large\" alt=\"\" decoding=\"async\" loading=\"lazy\" srcset=\"https:\/\/paulgiaume.fr\/wp-content\/uploads\/2023\/10\/LA-FEMME-27x34cm.jpg 800w, https:\/\/paulgiaume.fr\/wp-content\/uploads\/2023\/10\/LA-FEMME-27x34cm-241x300.jpg 241w, https:\/\/paulgiaume.fr\/wp-content\/uploads\/2023\/10\/LA-FEMME-27x34cm-768x957.jpg 768w\" sizes=\"(max-width: 660px) 100vw, 660px\" \/>\t\t\t\t\t\t\t\t<\/a>\n\t\t\t\t\t\t\t\t\t\t\t<\/div>\n\t\t\t\t<\/div>\n\t\t\t\t<\/div>\n\t\t\t\t\t\t<\/div>\n\t\t\t\t\t<\/div>\n\t\t<\/div>\n\t\t\t\t<div class=\"elementor-column elementor-col-25 elementor-top-column elementor-element elementor-element-b1f8405\" data-id=\"b1f8405\" data-element_type=\"column\">\n\t\t\t<div class=\"elementor-column-wrap elementor-element-populated\">\n\t\t\t\t\t\t\t<div class=\"elementor-widget-wrap\">\n\t\t\t\t\t\t<div class=\"elementor-element elementor-element-7330225 elementor-widget elementor-widget-image\" data-id=\"7330225\" data-element_type=\"widget\" data-widget_type=\"image.default\">\n\t\t\t\t<div class=\"elementor-widget-container\">\n\t\t\t\t\t<div class=\"elementor-image\">\n\t\t\t\t\t\t\t\t\t\t\t<a href=\"https:\/\/paulgiaume.fr\/wp-content\/uploads\/2022\/01\/INGRID-BERMAN-GARY-COOPER-37x24cm.jpg\" data-elementor-open-lightbox=\"yes\" data-elementor-lightbox-title=\"INGRID BERMAN &amp; GARY COOPER 37x24cm\">\n\t\t\t\t\t\t\t<img width=\"660\" height=\"854\" src=\"https:\/\/paulgiaume.fr\/wp-content\/uploads\/2022\/01\/INGRID-BERMAN-GARY-COOPER-37x24cm.jpg\" class=\"attachment-large size-large\" alt=\"\" decoding=\"async\" loading=\"lazy\" srcset=\"https:\/\/paulgiaume.fr\/wp-content\/uploads\/2022\/01\/INGRID-BERMAN-GARY-COOPER-37x24cm.jpg 791w, https:\/\/paulgiaume.fr\/wp-content\/uploads\/2022\/01\/INGRID-BERMAN-GARY-COOPER-37x24cm-232x300.jpg 232w, https:\/\/paulgiaume.fr\/wp-content\/uploads\/2022\/01\/INGRID-BERMAN-GARY-COOPER-37x24cm-768x994.jpg 768w\" sizes=\"(max-width: 660px) 100vw, 660px\" \/>\t\t\t\t\t\t\t\t<\/a>\n\t\t\t\t\t\t\t\t\t\t\t<\/div>\n\t\t\t\t<\/div>\n\t\t\t\t<\/div>\n\t\t\t\t\t\t<\/div>\n\t\t\t\t\t<\/div>\n\t\t<\/div>\n\t\t\t\t\t\t\t\t<\/div>\n\t\t\t\t\t<\/div>\n\t\t<\/section>\n\t\t\t\t<section class=\"elementor-section elementor-top-section elementor-element elementor-element-cf0cbda elementor-section-boxed elementor-section-height-default elementor-section-height-default\" data-id=\"cf0cbda\" data-element_type=\"section\">\n\t\t\t\t\t\t<div class=\"elementor-container elementor-column-gap-default\">\n\t\t\t\t\t\t\t<div class=\"elementor-row\">\n\t\t\t\t\t<div class=\"elementor-column elementor-col-100 elementor-top-column elementor-element elementor-element-bad6b98\" data-id=\"bad6b98\" data-element_type=\"column\">\n\t\t\t<div class=\"elementor-column-wrap elementor-element-populated\">\n\t\t\t\t\t\t\t<div class=\"elementor-widget-wrap\">\n\t\t\t\t\t\t<div class=\"elementor-element elementor-element-225ed71 elementor-widget elementor-widget-text-editor\" data-id=\"225ed71\" data-element_type=\"widget\" data-widget_type=\"text-editor.default\">\n\t\t\t\t<div class=\"elementor-widget-container\">\n\t\t\t\t\t<div class=\"elementor-text-editor elementor-clearfix\"><p style=\"text-align: center;\"><span style=\"color: #000080;\"><em><strong>L&rsquo;ensemble des portraits d&rsquo;artistes ci-dessus du monde du cin\u00e9ma, on \u00e9tait r\u00e9alis\u00e9s En 1953\/54 dans les ann\u00e9es de mon adolescence au moment de mes d\u00e9couvertes de l&rsquo;aquarelle avec un camarade l\u00e9g\u00e8rement plus \u00e2g\u00e9 que moi avec qui je peignais.<br \/><\/strong><\/em><\/span><\/p><\/div>\n\t\t\t\t<\/div>\n\t\t\t\t<\/div>\n\t\t\t\t\t\t<\/div>\n\t\t\t\t\t<\/div>\n\t\t<\/div>\n\t\t\t\t\t\t\t\t<\/div>\n\t\t\t\t\t<\/div>\n\t\t<\/section>\n\t\t\t\t<section class=\"elementor-section elementor-top-section elementor-element elementor-element-70b6b35 elementor-section-boxed elementor-section-height-default elementor-section-height-default\" data-id=\"70b6b35\" data-element_type=\"section\">\n\t\t\t\t\t\t<div class=\"elementor-container elementor-column-gap-default\">\n\t\t\t\t\t\t\t<div class=\"elementor-row\">\n\t\t\t\t\t<div class=\"elementor-column elementor-col-50 elementor-top-column elementor-element elementor-element-6fe154c\" data-id=\"6fe154c\" data-element_type=\"column\">\n\t\t\t<div class=\"elementor-column-wrap elementor-element-populated\">\n\t\t\t\t\t\t\t<div class=\"elementor-widget-wrap\">\n\t\t\t\t\t\t<div class=\"elementor-element elementor-element-010007a elementor-widget elementor-widget-image\" data-id=\"010007a\" data-element_type=\"widget\" data-widget_type=\"image.default\">\n\t\t\t\t<div class=\"elementor-widget-container\">\n\t\t\t\t\t<div class=\"elementor-image\">\n\t\t\t\t\t\t\t\t\t\t\t<a href=\"https:\/\/paulgiaume.fr\/wp-content\/uploads\/2023\/10\/DANSES-a\u0300-St-Chartier.jpg\" data-elementor-open-lightbox=\"yes\" data-elementor-lightbox-title=\"DANSES a\u0300 St Chartier\">\n\t\t\t\t\t\t\t<img width=\"660\" height=\"446\" src=\"https:\/\/paulgiaume.fr\/wp-content\/uploads\/2023\/10\/DANSES-a\u0300-St-Chartier.jpg\" class=\"attachment-large size-large\" alt=\"\" decoding=\"async\" loading=\"lazy\" srcset=\"https:\/\/paulgiaume.fr\/wp-content\/uploads\/2023\/10\/DANSES-a\u0300-St-Chartier.jpg 1024w, https:\/\/paulgiaume.fr\/wp-content\/uploads\/2023\/10\/DANSES-a\u0300-St-Chartier-300x203.jpg 300w, https:\/\/paulgiaume.fr\/wp-content\/uploads\/2023\/10\/DANSES-a\u0300-St-Chartier-768x519.jpg 768w\" sizes=\"(max-width: 660px) 100vw, 660px\" \/>\t\t\t\t\t\t\t\t<\/a>\n\t\t\t\t\t\t\t\t\t\t\t<\/div>\n\t\t\t\t<\/div>\n\t\t\t\t<\/div>\n\t\t\t\t\t\t<\/div>\n\t\t\t\t\t<\/div>\n\t\t<\/div>\n\t\t\t\t<div class=\"elementor-column elementor-col-50 elementor-top-column elementor-element elementor-element-ef73d5e\" data-id=\"ef73d5e\" data-element_type=\"column\">\n\t\t\t<div class=\"elementor-column-wrap elementor-element-populated\">\n\t\t\t\t\t\t\t<div class=\"elementor-widget-wrap\">\n\t\t\t\t\t\t<div class=\"elementor-element elementor-element-2719260 elementor-widget elementor-widget-image\" data-id=\"2719260\" data-element_type=\"widget\" data-widget_type=\"image.default\">\n\t\t\t\t<div class=\"elementor-widget-container\">\n\t\t\t\t\t<div class=\"elementor-image\">\n\t\t\t\t\t\t\t\t\t\t\t<a href=\"https:\/\/paulgiaume.fr\/wp-content\/uploads\/2025\/11\/DANSE-a-St-CHARTIER.24x16cm.png\" data-elementor-open-lightbox=\"yes\" data-elementor-lightbox-title=\"DANSE a\u0300 St CHARTIER.24x16cm\">\n\t\t\t\t\t\t\t<img width=\"660\" height=\"439\" src=\"https:\/\/paulgiaume.fr\/wp-content\/uploads\/2025\/11\/DANSE-a-St-CHARTIER.24x16cm-1024x681.png\" class=\"attachment-large size-large\" alt=\"\" decoding=\"async\" loading=\"lazy\" srcset=\"https:\/\/paulgiaume.fr\/wp-content\/uploads\/2025\/11\/DANSE-a-St-CHARTIER.24x16cm-1024x681.png 1024w, https:\/\/paulgiaume.fr\/wp-content\/uploads\/2025\/11\/DANSE-a-St-CHARTIER.24x16cm-300x199.png 300w, https:\/\/paulgiaume.fr\/wp-content\/uploads\/2025\/11\/DANSE-a-St-CHARTIER.24x16cm-768x511.png 768w, https:\/\/paulgiaume.fr\/wp-content\/uploads\/2025\/11\/DANSE-a-St-CHARTIER.24x16cm.png 1056w\" sizes=\"(max-width: 660px) 100vw, 660px\" \/>\t\t\t\t\t\t\t\t<\/a>\n\t\t\t\t\t\t\t\t\t\t\t<\/div>\n\t\t\t\t<\/div>\n\t\t\t\t<\/div>\n\t\t\t\t\t\t<\/div>\n\t\t\t\t\t<\/div>\n\t\t<\/div>\n\t\t\t\t\t\t\t\t<\/div>\n\t\t\t\t\t<\/div>\n\t\t<\/section>\n\t\t\t\t<section class=\"elementor-section elementor-top-section elementor-element elementor-element-b8e78e4 elementor-section-boxed elementor-section-height-default elementor-section-height-default\" data-id=\"b8e78e4\" data-element_type=\"section\">\n\t\t\t\t\t\t<div class=\"elementor-container elementor-column-gap-default\">\n\t\t\t\t\t\t\t<div class=\"elementor-row\">\n\t\t\t\t\t<div class=\"elementor-column elementor-col-25 elementor-top-column elementor-element elementor-element-e3a9903\" data-id=\"e3a9903\" data-element_type=\"column\">\n\t\t\t<div class=\"elementor-column-wrap\">\n\t\t\t\t\t\t\t<div class=\"elementor-widget-wrap\">\n\t\t\t\t\t\t\t\t<\/div>\n\t\t\t\t\t<\/div>\n\t\t<\/div>\n\t\t\t\t<div class=\"elementor-column elementor-col-25 elementor-top-column elementor-element elementor-element-466babc\" data-id=\"466babc\" data-element_type=\"column\">\n\t\t\t<div class=\"elementor-column-wrap elementor-element-populated\">\n\t\t\t\t\t\t\t<div class=\"elementor-widget-wrap\">\n\t\t\t\t\t\t<div class=\"elementor-element elementor-element-bf19e17 elementor-widget elementor-widget-image\" data-id=\"bf19e17\" data-element_type=\"widget\" data-widget_type=\"image.default\">\n\t\t\t\t<div class=\"elementor-widget-container\">\n\t\t\t\t\t<div class=\"elementor-image\">\n\t\t\t\t\t\t\t\t\t\t\t<a href=\"https:\/\/paulgiaume.fr\/wp-content\/uploads\/2022\/01\/LENFANT-18x24cm.jpeg\" data-elementor-open-lightbox=\"yes\" data-elementor-lightbox-title=\"L&#039;ENFANT 18x24cm\">\n\t\t\t\t\t\t\t<img width=\"660\" height=\"871\" src=\"https:\/\/paulgiaume.fr\/wp-content\/uploads\/2022\/01\/LENFANT-18x24cm-776x1024.jpeg\" class=\"attachment-large size-large\" alt=\"\" decoding=\"async\" loading=\"lazy\" srcset=\"https:\/\/paulgiaume.fr\/wp-content\/uploads\/2022\/01\/LENFANT-18x24cm-776x1024.jpeg 776w, https:\/\/paulgiaume.fr\/wp-content\/uploads\/2022\/01\/LENFANT-18x24cm-227x300.jpeg 227w, https:\/\/paulgiaume.fr\/wp-content\/uploads\/2022\/01\/LENFANT-18x24cm-768x1013.jpeg 768w, https:\/\/paulgiaume.fr\/wp-content\/uploads\/2022\/01\/LENFANT-18x24cm-1165x1536.jpeg 1165w, https:\/\/paulgiaume.fr\/wp-content\/uploads\/2022\/01\/LENFANT-18x24cm.jpeg 1536w\" sizes=\"(max-width: 660px) 100vw, 660px\" \/>\t\t\t\t\t\t\t\t<\/a>\n\t\t\t\t\t\t\t\t\t\t\t<\/div>\n\t\t\t\t<\/div>\n\t\t\t\t<\/div>\n\t\t\t\t\t\t<\/div>\n\t\t\t\t\t<\/div>\n\t\t<\/div>\n\t\t\t\t<div class=\"elementor-column elementor-col-25 elementor-top-column elementor-element elementor-element-7c4edc5\" data-id=\"7c4edc5\" data-element_type=\"column\">\n\t\t\t<div class=\"elementor-column-wrap\">\n\t\t\t\t\t\t\t<div class=\"elementor-widget-wrap\">\n\t\t\t\t\t\t\t\t<\/div>\n\t\t\t\t\t<\/div>\n\t\t<\/div>\n\t\t\t\t<div class=\"elementor-column elementor-col-25 elementor-top-column elementor-element elementor-element-4c12c28\" data-id=\"4c12c28\" data-element_type=\"column\">\n\t\t\t<div class=\"elementor-column-wrap\">\n\t\t\t\t\t\t\t<div class=\"elementor-widget-wrap\">\n\t\t\t\t\t\t\t\t<\/div>\n\t\t\t\t\t<\/div>\n\t\t<\/div>\n\t\t\t\t\t\t\t\t<\/div>\n\t\t\t\t\t<\/div>\n\t\t<\/section>\n\t\t\t\t\t\t<\/div>\n\t\t\t\t\t\t<\/div>\n\t\t\t\t\t<\/div>\n\t\t","protected":false},"excerpt":{"rendered":"<p>L&rsquo;ensemble des portraits d&rsquo;artistes ci-dessus du monde du cin\u00e9ma, on \u00e9tait r\u00e9alis\u00e9s En 1953\/54 dans les ann\u00e9es de mon adolescence au moment de mes d\u00e9couvertes de l&rsquo;aquarelle avec un camarade l\u00e9g\u00e8rement plus \u00e2g\u00e9 que moi avec qui je peignais.<\/p>\n","protected":false},"author":1,"featured_media":0,"parent":0,"menu_order":0,"comment_status":"closed","ping_status":"closed","template":"","meta":[],"_links":{"self":[{"href":"https:\/\/paulgiaume.fr\/index.php\/wp-json\/wp\/v2\/pages\/965"}],"collection":[{"href":"https:\/\/paulgiaume.fr\/index.php\/wp-json\/wp\/v2\/pages"}],"about":[{"href":"https:\/\/paulgiaume.fr\/index.php\/wp-json\/wp\/v2\/types\/page"}],"author":[{"embeddable":true,"href":"https:\/\/paulgiaume.fr\/index.php\/wp-json\/wp\/v2\/users\/1"}],"replies":[{"embeddable":true,"href":"https:\/\/paulgiaume.fr\/index.php\/wp-json\/wp\/v2\/comments?post=965"}],"version-history":[{"count":56,"href":"https:\/\/paulgiaume.fr\/index.php\/wp-json\/wp\/v2\/pages\/965\/revisions"}],"predecessor-version":[{"id":4646,"href":"https:\/\/paulgiaume.fr\/index.php\/wp-json\/wp\/v2\/pages\/965\/revisions\/4646"}],"wp:attachment":[{"href":"https:\/\/paulgiaume.fr\/index.php\/wp-json\/wp\/v2\/media?parent=965"}],"curies":[{"name":"wp","href":"https:\/\/api.w.org\/{rel}","templated":true}]}}