{"id":1387,"date":"2020-08-15T12:19:08","date_gmt":"2020-08-15T10:19:08","guid":{"rendered":"http:\/\/paulgil.cluster028.hosting.ovh.net\/?page_id=1387"},"modified":"2025-11-22T08:31:01","modified_gmt":"2025-11-22T07:31:01","slug":"presse","status":"publish","type":"page","link":"https:\/\/paulgiaume.fr\/index.php\/presse\/","title":{"rendered":"PRESSE"},"content":{"rendered":"\t\t<div data-elementor-type=\"wp-page\" data-elementor-id=\"1387\" class=\"elementor elementor-1387\" data-elementor-settings=\"[]\">\n\t\t\t\t\t\t<div class=\"elementor-inner\">\n\t\t\t\t\t\t\t<div class=\"elementor-section-wrap\">\n\t\t\t\t\t\t\t<section class=\"elementor-section elementor-top-section elementor-element elementor-element-1f74996 elementor-section-boxed elementor-section-height-default elementor-section-height-default\" data-id=\"1f74996\" data-element_type=\"section\">\n\t\t\t\t\t\t<div class=\"elementor-container elementor-column-gap-default\">\n\t\t\t\t\t\t\t<div class=\"elementor-row\">\n\t\t\t\t\t<div class=\"elementor-column elementor-col-33 elementor-top-column elementor-element elementor-element-62d9207\" data-id=\"62d9207\" data-element_type=\"column\">\n\t\t\t<div class=\"elementor-column-wrap elementor-element-populated\">\n\t\t\t\t\t\t\t<div class=\"elementor-widget-wrap\">\n\t\t\t\t\t\t<div class=\"elementor-element elementor-element-14f8d7d elementor-widget elementor-widget-image\" data-id=\"14f8d7d\" data-element_type=\"widget\" data-widget_type=\"image.default\">\n\t\t\t\t<div class=\"elementor-widget-container\">\n\t\t\t\t\t<div class=\"elementor-image\">\n\t\t\t\t\t\t\t\t\t\t\t<a href=\"https:\/\/paulgiaume.fr\/wp-content\/uploads\/2025\/11\/PRESSE-1997.jpg\" data-elementor-open-lightbox=\"yes\" data-elementor-lightbox-title=\"PRESSE 1997\">\n\t\t\t\t\t\t\t<img width=\"660\" height=\"677\" src=\"https:\/\/paulgiaume.fr\/wp-content\/uploads\/2025\/11\/PRESSE-1997.jpg\" class=\"attachment-large size-large\" alt=\"\" decoding=\"async\" loading=\"lazy\" srcset=\"https:\/\/paulgiaume.fr\/wp-content\/uploads\/2025\/11\/PRESSE-1997.jpg 800w, https:\/\/paulgiaume.fr\/wp-content\/uploads\/2025\/11\/PRESSE-1997-292x300.jpg 292w, https:\/\/paulgiaume.fr\/wp-content\/uploads\/2025\/11\/PRESSE-1997-768x788.jpg 768w\" sizes=\"(max-width: 660px) 100vw, 660px\" \/>\t\t\t\t\t\t\t\t<\/a>\n\t\t\t\t\t\t\t\t\t\t\t<\/div>\n\t\t\t\t<\/div>\n\t\t\t\t<\/div>\n\t\t\t\t\t\t<\/div>\n\t\t\t\t\t<\/div>\n\t\t<\/div>\n\t\t\t\t<div class=\"elementor-column elementor-col-33 elementor-top-column elementor-element elementor-element-d3956f9\" data-id=\"d3956f9\" data-element_type=\"column\">\n\t\t\t<div class=\"elementor-column-wrap elementor-element-populated\">\n\t\t\t\t\t\t\t<div class=\"elementor-widget-wrap\">\n\t\t\t\t\t\t<div class=\"elementor-element elementor-element-560054d elementor-widget elementor-widget-image\" data-id=\"560054d\" data-element_type=\"widget\" data-widget_type=\"image.default\">\n\t\t\t\t<div class=\"elementor-widget-container\">\n\t\t\t\t\t<div class=\"elementor-image\">\n\t\t\t\t\t\t\t\t\t\t\t<a href=\"https:\/\/paulgiaume.fr\/wp-content\/uploads\/2025\/11\/PRESSE-Dauphine-libere-2003.jpg\" data-elementor-open-lightbox=\"yes\" data-elementor-lightbox-title=\"PRESSE Dauphine\u0301 libe\u0301re\u0301 2003\">\n\t\t\t\t\t\t\t<img width=\"660\" height=\"644\" src=\"https:\/\/paulgiaume.fr\/wp-content\/uploads\/2025\/11\/PRESSE-Dauphine-libere-2003.jpg\" class=\"attachment-large size-large\" alt=\"\" decoding=\"async\" loading=\"lazy\" srcset=\"https:\/\/paulgiaume.fr\/wp-content\/uploads\/2025\/11\/PRESSE-Dauphine-libere-2003.jpg 800w, https:\/\/paulgiaume.fr\/wp-content\/uploads\/2025\/11\/PRESSE-Dauphine-libere-2003-300x293.jpg 300w, https:\/\/paulgiaume.fr\/wp-content\/uploads\/2025\/11\/PRESSE-Dauphine-libere-2003-768x749.jpg 768w\" sizes=\"(max-width: 660px) 100vw, 660px\" \/>\t\t\t\t\t\t\t\t<\/a>\n\t\t\t\t\t\t\t\t\t\t\t<\/div>\n\t\t\t\t<\/div>\n\t\t\t\t<\/div>\n\t\t\t\t\t\t<\/div>\n\t\t\t\t\t<\/div>\n\t\t<\/div>\n\t\t\t\t<div class=\"elementor-column elementor-col-33 elementor-top-column elementor-element elementor-element-3f2c196\" data-id=\"3f2c196\" data-element_type=\"column\">\n\t\t\t<div class=\"elementor-column-wrap elementor-element-populated\">\n\t\t\t\t\t\t\t<div class=\"elementor-widget-wrap\">\n\t\t\t\t\t\t<div class=\"elementor-element elementor-element-c92f225 elementor-widget elementor-widget-image\" data-id=\"c92f225\" data-element_type=\"widget\" data-widget_type=\"image.default\">\n\t\t\t\t<div class=\"elementor-widget-container\">\n\t\t\t\t\t<div class=\"elementor-image\">\n\t\t\t\t\t\t\t\t\t\t\t<a href=\"https:\/\/paulgiaume.fr\/wp-content\/uploads\/2025\/11\/PRESSE-Dauphine-Libere-2005.jpg\" data-elementor-open-lightbox=\"yes\" data-elementor-lightbox-title=\"PRESSE Dauphine\u0301 Libe\u0301re\u0301 2005\">\n\t\t\t\t\t\t\t<img width=\"660\" height=\"578\" src=\"https:\/\/paulgiaume.fr\/wp-content\/uploads\/2025\/11\/PRESSE-Dauphine-Libere-2005.jpg\" class=\"attachment-large size-large\" alt=\"\" decoding=\"async\" loading=\"lazy\" srcset=\"https:\/\/paulgiaume.fr\/wp-content\/uploads\/2025\/11\/PRESSE-Dauphine-Libere-2005.jpg 800w, https:\/\/paulgiaume.fr\/wp-content\/uploads\/2025\/11\/PRESSE-Dauphine-Libere-2005-300x263.jpg 300w, https:\/\/paulgiaume.fr\/wp-content\/uploads\/2025\/11\/PRESSE-Dauphine-Libere-2005-768x673.jpg 768w\" sizes=\"(max-width: 660px) 100vw, 660px\" \/>\t\t\t\t\t\t\t\t<\/a>\n\t\t\t\t\t\t\t\t\t\t\t<\/div>\n\t\t\t\t<\/div>\n\t\t\t\t<\/div>\n\t\t\t\t\t\t<\/div>\n\t\t\t\t\t<\/div>\n\t\t<\/div>\n\t\t\t\t\t\t\t\t<\/div>\n\t\t\t\t\t<\/div>\n\t\t<\/section>\n\t\t\t\t<section class=\"elementor-section elementor-top-section elementor-element elementor-element-ed24a42 elementor-section-boxed elementor-section-height-default elementor-section-height-default\" data-id=\"ed24a42\" data-element_type=\"section\">\n\t\t\t\t\t\t<div class=\"elementor-container elementor-column-gap-default\">\n\t\t\t\t\t\t\t<div class=\"elementor-row\">\n\t\t\t\t\t<div class=\"elementor-column elementor-col-100 elementor-top-column elementor-element elementor-element-dc47ab3\" data-id=\"dc47ab3\" data-element_type=\"column\">\n\t\t\t<div class=\"elementor-column-wrap elementor-element-populated\">\n\t\t\t\t\t\t\t<div class=\"elementor-widget-wrap\">\n\t\t\t\t\t\t<div class=\"elementor-element elementor-element-d7d87a1 elementor-widget elementor-widget-image\" data-id=\"d7d87a1\" data-element_type=\"widget\" data-widget_type=\"image.default\">\n\t\t\t\t<div class=\"elementor-widget-container\">\n\t\t\t\t\t<div class=\"elementor-image\">\n\t\t\t\t\t\t\t\t\t\t<img width=\"660\" height=\"366\" src=\"https:\/\/paulgiaume.fr\/wp-content\/uploads\/2022\/07\/Dauphine\u0301-Libe\u0301re\u0300-mars-2003-1024x568.jpeg\" class=\"attachment-large size-large\" alt=\"\" decoding=\"async\" loading=\"lazy\" srcset=\"https:\/\/paulgiaume.fr\/wp-content\/uploads\/2022\/07\/Dauphine\u0301-Libe\u0301re\u0300-mars-2003-1024x568.jpeg 1024w, https:\/\/paulgiaume.fr\/wp-content\/uploads\/2022\/07\/Dauphine\u0301-Libe\u0301re\u0300-mars-2003-300x166.jpeg 300w, https:\/\/paulgiaume.fr\/wp-content\/uploads\/2022\/07\/Dauphine\u0301-Libe\u0301re\u0300-mars-2003-768x426.jpeg 768w, https:\/\/paulgiaume.fr\/wp-content\/uploads\/2022\/07\/Dauphine\u0301-Libe\u0301re\u0300-mars-2003-1536x852.jpeg 1536w, https:\/\/paulgiaume.fr\/wp-content\/uploads\/2022\/07\/Dauphine\u0301-Libe\u0301re\u0300-mars-2003-2048x1135.jpeg 2048w\" sizes=\"(max-width: 660px) 100vw, 660px\" \/>\t\t\t\t\t\t\t\t\t\t\t<\/div>\n\t\t\t\t<\/div>\n\t\t\t\t<\/div>\n\t\t\t\t\t\t<\/div>\n\t\t\t\t\t<\/div>\n\t\t<\/div>\n\t\t\t\t\t\t\t\t<\/div>\n\t\t\t\t\t<\/div>\n\t\t<\/section>\n\t\t\t\t<section class=\"elementor-section elementor-top-section elementor-element elementor-element-2a3c17c elementor-section-boxed elementor-section-height-default elementor-section-height-default\" data-id=\"2a3c17c\" data-element_type=\"section\">\n\t\t\t\t\t\t<div class=\"elementor-container elementor-column-gap-default\">\n\t\t\t\t\t\t\t<div class=\"elementor-row\">\n\t\t\t\t\t<div class=\"elementor-column elementor-col-100 elementor-top-column elementor-element elementor-element-b2f8c51\" data-id=\"b2f8c51\" data-element_type=\"column\">\n\t\t\t<div class=\"elementor-column-wrap elementor-element-populated\">\n\t\t\t\t\t\t\t<div class=\"elementor-widget-wrap\">\n\t\t\t\t\t\t<div class=\"elementor-element elementor-element-af93157 elementor-widget elementor-widget-text-editor\" data-id=\"af93157\" data-element_type=\"widget\" data-widget_type=\"text-editor.default\">\n\t\t\t\t<div class=\"elementor-widget-container\">\n\t\t\t\t\t<div class=\"elementor-text-editor elementor-clearfix\"><p style=\"text-align: center;\"><span style=\"color: #3366ff;\"><em>Publication du Dauphin\u00e9 Lib\u00e9r\u00e8 en 1997, 2003, 2005<\/em><\/span><\/p><\/div>\n\t\t\t\t<\/div>\n\t\t\t\t<\/div>\n\t\t\t\t\t\t<\/div>\n\t\t\t\t\t<\/div>\n\t\t<\/div>\n\t\t\t\t\t\t\t\t<\/div>\n\t\t\t\t\t<\/div>\n\t\t<\/section>\n\t\t\t\t<section class=\"elementor-section elementor-top-section elementor-element elementor-element-c4672b7 elementor-section-boxed elementor-section-height-default elementor-section-height-default\" data-id=\"c4672b7\" data-element_type=\"section\">\n\t\t\t\t\t\t<div class=\"elementor-container elementor-column-gap-default\">\n\t\t\t\t\t\t\t<div class=\"elementor-row\">\n\t\t\t\t\t<div class=\"elementor-column elementor-col-33 elementor-top-column elementor-element elementor-element-ccf6ce8\" data-id=\"ccf6ce8\" data-element_type=\"column\">\n\t\t\t<div class=\"elementor-column-wrap\">\n\t\t\t\t\t\t\t<div class=\"elementor-widget-wrap\">\n\t\t\t\t\t\t\t\t<\/div>\n\t\t\t\t\t<\/div>\n\t\t<\/div>\n\t\t\t\t<div class=\"elementor-column elementor-col-33 elementor-top-column elementor-element elementor-element-c971f7c\" data-id=\"c971f7c\" data-element_type=\"column\">\n\t\t\t<div class=\"elementor-column-wrap elementor-element-populated\">\n\t\t\t\t\t\t\t<div class=\"elementor-widget-wrap\">\n\t\t\t\t\t\t<div class=\"elementor-element elementor-element-28f643c elementor-widget elementor-widget-image\" data-id=\"28f643c\" data-element_type=\"widget\" data-widget_type=\"image.default\">\n\t\t\t\t<div class=\"elementor-widget-container\">\n\t\t\t\t\t<div class=\"elementor-image\">\n\t\t\t\t\t\t\t\t\t\t\t<a href=\"https:\/\/paulgiaume.fr\/wp-content\/uploads\/2025\/11\/EXPOSITION-de-MASQUES-2003.jpg\" data-elementor-open-lightbox=\"yes\" data-elementor-lightbox-title=\"EXPOSITION de MASQUES 2003\">\n\t\t\t\t\t\t\t<img width=\"660\" height=\"908\" src=\"https:\/\/paulgiaume.fr\/wp-content\/uploads\/2025\/11\/EXPOSITION-de-MASQUES-2003-744x1024.jpg\" class=\"attachment-large size-large\" alt=\"\" decoding=\"async\" loading=\"lazy\" srcset=\"https:\/\/paulgiaume.fr\/wp-content\/uploads\/2025\/11\/EXPOSITION-de-MASQUES-2003-744x1024.jpg 744w, https:\/\/paulgiaume.fr\/wp-content\/uploads\/2025\/11\/EXPOSITION-de-MASQUES-2003-218x300.jpg 218w, https:\/\/paulgiaume.fr\/wp-content\/uploads\/2025\/11\/EXPOSITION-de-MASQUES-2003-768x1057.jpg 768w, https:\/\/paulgiaume.fr\/wp-content\/uploads\/2025\/11\/EXPOSITION-de-MASQUES-2003.jpg 800w\" sizes=\"(max-width: 660px) 100vw, 660px\" \/>\t\t\t\t\t\t\t\t<\/a>\n\t\t\t\t\t\t\t\t\t\t\t<\/div>\n\t\t\t\t<\/div>\n\t\t\t\t<\/div>\n\t\t\t\t\t\t<\/div>\n\t\t\t\t\t<\/div>\n\t\t<\/div>\n\t\t\t\t<div class=\"elementor-column elementor-col-33 elementor-top-column elementor-element elementor-element-378fce8\" data-id=\"378fce8\" data-element_type=\"column\">\n\t\t\t<div class=\"elementor-column-wrap\">\n\t\t\t\t\t\t\t<div class=\"elementor-widget-wrap\">\n\t\t\t\t\t\t\t\t<\/div>\n\t\t\t\t\t<\/div>\n\t\t<\/div>\n\t\t\t\t\t\t\t\t<\/div>\n\t\t\t\t\t<\/div>\n\t\t<\/section>\n\t\t\t\t<section class=\"elementor-section elementor-top-section elementor-element elementor-element-b017c22 elementor-section-boxed elementor-section-height-default elementor-section-height-default\" data-id=\"b017c22\" data-element_type=\"section\">\n\t\t\t\t\t\t<div class=\"elementor-container elementor-column-gap-default\">\n\t\t\t\t\t\t\t<div class=\"elementor-row\">\n\t\t\t\t\t<div class=\"elementor-column elementor-col-100 elementor-top-column elementor-element elementor-element-5a7b4aa\" data-id=\"5a7b4aa\" data-element_type=\"column\">\n\t\t\t<div class=\"elementor-column-wrap elementor-element-populated\">\n\t\t\t\t\t\t\t<div class=\"elementor-widget-wrap\">\n\t\t\t\t\t\t<div class=\"elementor-element elementor-element-650f8ed elementor-widget elementor-widget-image\" data-id=\"650f8ed\" data-element_type=\"widget\" data-widget_type=\"image.default\">\n\t\t\t\t<div class=\"elementor-widget-container\">\n\t\t\t\t\t<div class=\"elementor-image\">\n\t\t\t\t\t\t\t\t\t\t\t<a href=\"https:\/\/paulgiaume.fr\/wp-content\/uploads\/2023\/06\/Dauphine\u0301-du-24-juin-2023-expo.png\" data-elementor-open-lightbox=\"yes\" data-elementor-lightbox-title=\"Dauphine\u0301 du 24 juin 2023 (expo)\">\n\t\t\t\t\t\t\t<img width=\"505\" height=\"371\" src=\"https:\/\/paulgiaume.fr\/wp-content\/uploads\/2023\/06\/Dauphine\u0301-du-24-juin-2023-expo.png\" class=\"attachment-large size-large\" alt=\"\" decoding=\"async\" loading=\"lazy\" srcset=\"https:\/\/paulgiaume.fr\/wp-content\/uploads\/2023\/06\/Dauphine\u0301-du-24-juin-2023-expo.png 505w, https:\/\/paulgiaume.fr\/wp-content\/uploads\/2023\/06\/Dauphine\u0301-du-24-juin-2023-expo-300x220.png 300w\" sizes=\"(max-width: 505px) 100vw, 505px\" \/>\t\t\t\t\t\t\t\t<\/a>\n\t\t\t\t\t\t\t\t\t\t\t<\/div>\n\t\t\t\t<\/div>\n\t\t\t\t<\/div>\n\t\t\t\t\t\t<\/div>\n\t\t\t\t\t<\/div>\n\t\t<\/div>\n\t\t\t\t\t\t\t\t<\/div>\n\t\t\t\t\t<\/div>\n\t\t<\/section>\n\t\t\t\t<section class=\"elementor-section elementor-top-section elementor-element elementor-element-29f16ed elementor-section-boxed elementor-section-height-default elementor-section-height-default\" data-id=\"29f16ed\" data-element_type=\"section\">\n\t\t\t\t\t\t<div class=\"elementor-container elementor-column-gap-default\">\n\t\t\t\t\t\t\t<div class=\"elementor-row\">\n\t\t\t\t\t<div class=\"elementor-column elementor-col-100 elementor-top-column elementor-element elementor-element-f98a6d0\" data-id=\"f98a6d0\" data-element_type=\"column\">\n\t\t\t<div class=\"elementor-column-wrap elementor-element-populated\">\n\t\t\t\t\t\t\t<div class=\"elementor-widget-wrap\">\n\t\t\t\t\t\t<div class=\"elementor-element elementor-element-58f0e4a elementor-widget elementor-widget-text-editor\" data-id=\"58f0e4a\" data-element_type=\"widget\" data-widget_type=\"text-editor.default\">\n\t\t\t\t<div class=\"elementor-widget-container\">\n\t\t\t\t\t<div class=\"elementor-text-editor elementor-clearfix\"><p style=\"text-align: center;\"><span style=\"color: #3366ff;\">Publication du Dauphin\u00e9 Lib\u00e9r\u00e9 le 24 juin 2023<\/span><\/p><\/div>\n\t\t\t\t<\/div>\n\t\t\t\t<\/div>\n\t\t\t\t\t\t<\/div>\n\t\t\t\t\t<\/div>\n\t\t<\/div>\n\t\t\t\t\t\t\t\t<\/div>\n\t\t\t\t\t<\/div>\n\t\t<\/section>\n\t\t\t\t\t\t<\/div>\n\t\t\t\t\t\t<\/div>\n\t\t\t\t\t<\/div>\n\t\t","protected":false},"excerpt":{"rendered":"<p>Publication du Dauphin\u00e9 Lib\u00e9r\u00e8 en 1997, 2003, 2005 Publication du Dauphin\u00e9 Lib\u00e9r\u00e9 le 24 juin 2023<\/p>\n","protected":false},"author":1,"featured_media":0,"parent":0,"menu_order":0,"comment_status":"closed","ping_status":"closed","template":"","meta":[],"_links":{"self":[{"href":"https:\/\/paulgiaume.fr\/index.php\/wp-json\/wp\/v2\/pages\/1387"}],"collection":[{"href":"https:\/\/paulgiaume.fr\/index.php\/wp-json\/wp\/v2\/pages"}],"about":[{"href":"https:\/\/paulgiaume.fr\/index.php\/wp-json\/wp\/v2\/types\/page"}],"author":[{"embeddable":true,"href":"https:\/\/paulgiaume.fr\/index.php\/wp-json\/wp\/v2\/users\/1"}],"replies":[{"embeddable":true,"href":"https:\/\/paulgiaume.fr\/index.php\/wp-json\/wp\/v2\/comments?post=1387"}],"version-history":[{"count":22,"href":"https:\/\/paulgiaume.fr\/index.php\/wp-json\/wp\/v2\/pages\/1387\/revisions"}],"predecessor-version":[{"id":4635,"href":"https:\/\/paulgiaume.fr\/index.php\/wp-json\/wp\/v2\/pages\/1387\/revisions\/4635"}],"wp:attachment":[{"href":"https:\/\/paulgiaume.fr\/index.php\/wp-json\/wp\/v2\/media?parent=1387"}],"curies":[{"name":"wp","href":"https:\/\/api.w.org\/{rel}","templated":true}]}}